{"id":96,"date":"2020-03-28T16:03:24","date_gmt":"2020-03-28T15:03:24","guid":{"rendered":"http:\/\/www.rominareithofer.at\/neue_hp\/?page_id=96"},"modified":"2023-11-11T11:36:40","modified_gmt":"2023-11-11T10:36:40","slug":"ueber-mich","status":"publish","type":"page","link":"https:\/\/www.rominareithofer.at\/?page_id=96","title":{"rendered":"\u00dcber mich"},"content":{"rendered":"<p>[et_pb_section fb_built=&#8220;1&#8243; fullwidth=&#8220;on&#8220; _builder_version=&#8220;4.4.2&#8243;][et_pb_fullwidth_image src=&#8220;https:\/\/www.rominareithofer.at\/neue_hp\/wp-content\/uploads\/2020\/04\/uebermich_NEUv1.png&#8220; _builder_version=&#8220;4.4.2&#8243;][\/et_pb_fullwidth_image][\/et_pb_section][et_pb_section fb_built=&#8220;1&#8243; _builder_version=&#8220;4.4.2&#8243; custom_padding=&#8220;||40px|||&#8220;][et_pb_row column_structure=&#8220;1_3,2_3&#8243; custom_padding_last_edited=&#8220;on|phone&#8220; _builder_version=&#8220;4.4.2&#8243; max_width=&#8220;1280px&#8220; min_height=&#8220;525px&#8220; custom_padding=&#8220;62px|40px|62px|40px|true|false&#8220; custom_padding_tablet=&#8220;&#8220; custom_padding_phone=&#8220;|20px||20px||true&#8220; animation_style=&#8220;zoom&#8220; animation_intensity_zoom=&#8220;2%&#8220; border_radii=&#8220;on|12px|12px|12px|12px&#8220; box_shadow_style=&#8220;preset3&#8243; box_shadow_spread=&#8220;-11px&#8220; box_shadow_color=&#8220;#000000&#8243; use_custom_width=&#8220;on&#8220; custom_width_px=&#8220;1280px&#8220;][et_pb_column type=&#8220;1_3&#8243; _builder_version=&#8220;3.25&#8243; custom_padding=&#8220;|||&#8220; custom_padding__hover=&#8220;|||&#8220;][et_pb_gallery gallery_ids=&#8220;472,478,479,435,436&#8243; fullwidth=&#8220;on&#8220; _builder_version=&#8220;4.4.2&#8243; custom_css_main_element_last_edited=&#8220;off|desktop&#8220;][\/et_pb_gallery][\/et_pb_column][et_pb_column type=&#8220;2_3&#8243; _builder_version=&#8220;3.25&#8243; custom_padding=&#8220;|||&#8220; custom_padding__hover=&#8220;|||&#8220;][et_pb_text _builder_version=&#8220;4.4.2&#8243; text_font=&#8220;||||||||&#8220; text_font_size=&#8220;15px&#8220; text_line_height=&#8220;2em&#8220; header_font=&#8220;||||||||&#8220; header_2_font=&#8220;||||||||&#8220; header_3_font=&#8220;EB Garamond||||||||&#8220; header_3_font_size=&#8220;24px&#8220; header_3_line_height=&#8220;1.4em&#8220; header_4_font=&#8220;|700||on|||||&#8220; header_4_text_color=&#8220;#ffdaa4&#8243; header_4_font_size=&#8220;12px&#8220; header_4_letter_spacing=&#8220;2px&#8220; header_4_line_height=&#8220;2em&#8220; custom_padding=&#8220;||0px|||&#8220; text_line_height_tablet=&#8220;&#8220; text_line_height_phone=&#8220;1.6em&#8220; text_line_height_last_edited=&#8220;on|phone&#8220;]<\/p>\n<p>Musik ist sehr vielf\u00e4ltig und so auch die M\u00f6glichkeit sich dazu zu bewegen. Ich konnte mich nie f\u00fcr eine bestimmte Musikrichtung entscheiden und dieser Beruf bietet mir durch die unterschiedlichen Kurse die M\u00f6glichkeit eine breite Palette abzudecken.<\/p>\n<p>Mein T\u00e4nzerischer Werdegang begann bereits mit 5 Jahren. Schon w\u00e4hrend meiner Schulzeit begann ich f\u00fcr Ursula Gmoser Kinder und Jugendliche zu unterrichten und T\u00e4nze selbst zu choreographieren.<\/p>\n<p>W\u00e4hrenddessen hatte ich eigentlich einen ganz anderen Weg eingeschlagen. Ich maturierte an der HAK-Hartberg und begann dann mein Marketing&amp;Sales Studium an der FH Campus02. Mein Herz schlug aber von Anfang an f\u00fcr Tanz und Sport. Daraus holte ich mir auch immer Energie. Ich h\u00e4tte nur nie zu tr\u00e4umen gewagt, dass man sein Hobby tats\u00e4chlich zum Beruf machen kann. Doch der Traum wurde wahr&#8230;<\/p>\n<p>[\/et_pb_text][et_pb_video src=&#8220;https:\/\/www.rominareithofer.at\/neue_hp\/wp-content\/uploads\/2020\/04\/Vid-20170902-Wa0000-2.m4v&#8220; _builder_version=&#8220;4.4.2&#8243; border_width_all=&#8220;1px&#8220;][\/et_pb_video][\/et_pb_column][\/et_pb_row][\/et_pb_section][et_pb_section fb_built=&#8220;1&#8243; _builder_version=&#8220;4.4.2&#8243; background_color=&#8220;#5c5c5c&#8220; background_image=&#8220;https:\/\/www.rominareithofer.at\/neue_hp\/wp-content\/uploads\/2020\/04\/footer_bg_v2.png&#8220;][et_pb_row column_structure=&#8220;1_3,1_3,1_3&#8243; _builder_version=&#8220;4.4.2&#8243;][et_pb_column type=&#8220;1_3&#8243; _builder_version=&#8220;4.4.2&#8243;][et_pb_text _builder_version=&#8220;4.4.2&#8243; text_font=&#8220;Advent Pro||||||||&#8220; text_text_color=&#8220;#ffffff&#8220; text_font_size=&#8220;18px&#8220; link_font=&#8220;||||||||&#8220; link_text_color=&#8220;#ffffff&#8220; header_3_font=&#8220;Advent Pro||||||||&#8220; header_3_text_color=&#8220;#ffffff&#8220; header_3_font_size=&#8220;30px&#8220;]<\/p>\n<h3>KONTAKT<\/h3>\n<p>Tel.: +43(0)664\/8716945<\/p>\n<p><a href=\"mailto:office@rominareithofer.at\">E-Mail: office@rominareithofer.at<\/a><\/p>\n<p>Web: <a href=\"http:\/\/www.rominareithofer.at\">www.rominareithofer.at<\/a><\/p>\n<p>[\/et_pb_text][\/et_pb_column][et_pb_column type=&#8220;1_3&#8243; _builder_version=&#8220;4.4.2&#8243;][et_pb_button button_url=&#8220;https:\/\/www.rominareithofer.at\/?page_id=92&#8243; button_text=&#8220;Kurs Anmeldung&#8220; button_alignment=&#8220;center&#8220; _builder_version=&#8220;4.4.2&#8243; custom_button=&#8220;on&#8220; button_border_radius=&#8220;6px&#8220; button_font=&#8220;Advent Pro|||on|||||&#8220; button_use_icon=&#8220;off&#8220; transform_scale=&#8220;118%|118%&#8220; background_layout=&#8220;dark&#8220; hover_enabled=&#8220;0&#8243;][\/et_pb_button][\/et_pb_column][et_pb_column type=&#8220;1_3&#8243; _builder_version=&#8220;4.4.2&#8243;][et_pb_login current_page_redirect=&#8220;on&#8220; _builder_version=&#8220;4.4.2&#8243; form_field_background_color=&#8220;rgba(0,0,0,0)&#8220; form_field_text_color=&#8220;#ffffff&#8220; form_field_focus_text_color=&#8220;#ffffff&#8220; header_font=&#8220;Advent Pro||||||||&#8220; form_field_font=&#8220;Advent Pro||||||||&#8220; form_field_font_size=&#8220;18px&#8220; form_field_letter_spacing=&#8220;1px&#8220; form_field_line_height=&#8220;1.1em&#8220; background_color=&#8220;rgba(0,0,0,0)&#8220; custom_button=&#8220;on&#8220; button_text_size=&#8220;20px&#8220; button_border_width=&#8220;2px&#8220; button_border_radius=&#8220;6px&#8220; button_font=&#8220;Advent Pro|700||on|||||&#8220; button_use_icon=&#8220;off&#8220; transform_translate=&#8220;25px|0px&#8220; transform_translate_linked=&#8220;off&#8220; custom_padding=&#8220;0px||0px||false|false&#8220; border_radii_fields=&#8220;on|6px|6px|6px|6px&#8220; border_width_all_fields=&#8220;2px&#8220; border_color_all_fields=&#8220;#ffffff&#8220; form_field_focus_background_color__hover_enabled=&#8220;on|desktop&#8220;][\/et_pb_login][\/et_pb_column][\/et_pb_row][\/et_pb_section][et_pb_section fb_built=&#8220;1&#8243; _builder_version=&#8220;4.4.2&#8243; background_color=&#8220;#000000&#8243;][et_pb_row column_structure=&#8220;3_4,1_4&#8243; _builder_version=&#8220;4.4.2&#8243; custom_margin=&#8220;0px||||false|false&#8220; custom_padding=&#8220;0px||0px||false|false&#8220;][et_pb_column type=&#8220;3_4&#8243; _builder_version=&#8220;4.4.2&#8243;][et_pb_text content_tablet=&#8220;<\/p>\n<p><a href=\"%22http:\/\/www.rominareithofer.at\/neue_hp\/wp-content\/uploads\/2020\/04\/AGB.pdf%22\" rel=\"%22attachment\" data-et-target-link=\"%22_blank%22\">AGB<\/a> | <a href=\"%22http:\/\/www.rominareithofer.at\/neue_hp\/wp-content\/uploads\/2020\/04\/Datenschutzerkl\u00e4rung_Stand-_20180522.pdf%22\" rel=\"%22attachment\" data-et-target-link=\"%22_blank%22\">Datenschutzerkl\u00e4rung<\/a>| <a title=\"%22Impressum%22\" href=\"%22http:\/\/www.rominareithofer.at\/neue_hp\/?page_id=106%22\">Impressum <\/a><\/p>\n<p>\u00a9 <strong>Romina Reithofer<\/strong> 2020. Alle Rechte vorbehalten.<\/p>\n<p>&#8220; content_phone=&#8220;&#8220; content_last_edited=&#8220;on|phone&#8220; _builder_version=&#8220;4.4.2&#8243; text_text_color=&#8220;#898989&#8243; custom_padding=&#8220;0px||0px||false|false&#8220;]<\/p>\n<p>\u00a9 <strong>Romina Reithofer<\/strong> 2020. Alle Rechte vorbehalten. <a href=\"http:\/\/www.rominareithofer.at\/neue_hp\/wp-content\/uploads\/2020\/04\/AGB.pdf\" target=\"_blank\" rel=\"attachment wp-att-389 noopener noreferrer\">AGB<\/a> | <a href=\"http:\/\/www.rominareithofer.at\/neue_hp\/wp-content\/uploads\/2020\/04\/Datenschutzerkl\u00e4rung_Stand-_20180522.pdf\" target=\"_blank\" rel=\"attachment wp-att-384 noopener noreferrer\">Datenschutzerkl\u00e4rung<\/a>| <a title=\"Impressum\" href=\"http:\/\/www.rominareithofer.at\/neue_hp\/?page_id=106\">Impressum\u00a0<\/a><\/p>\n<p>[\/et_pb_text][\/et_pb_column][et_pb_column type=&#8220;1_4&#8243; _builder_version=&#8220;4.4.2&#8243;][et_pb_social_media_follow _builder_version=&#8220;4.4.2&#8243; text_orientation=&#8220;right&#8220;][et_pb_social_media_follow_network social_network=&#8220;facebook&#8220; url=&#8220;https:\/\/www.facebook.com\/romina.reithofer&#8220; _builder_version=&#8220;4.4.2&#8243; background_color=&#8220;#3b5998&#8243; follow_button=&#8220;off&#8220; url_new_window=&#8220;on&#8220;]facebook[\/et_pb_social_media_follow_network][et_pb_social_media_follow_network social_network=&#8220;instagram&#8220; url=&#8220;https:\/\/www.instagram.com\/rominareithofer\/?hl=de&#8220; _builder_version=&#8220;4.4.2&#8243; background_color=&#8220;#ea2c59&#8243; follow_button=&#8220;off&#8220; url_new_window=&#8220;on&#8220;]instagram[\/et_pb_social_media_follow_network][\/et_pb_social_media_follow][\/et_pb_column][\/et_pb_row][\/et_pb_section]<\/p>\n","protected":false},"excerpt":{"rendered":"<p>[et_pb_section fb_built=&#8220;1&#8243; fullwidth=&#8220;on&#8220; _builder_version=&#8220;4.4.2&#8243;][et_pb_fullwidth_image src=&#8220;https:\/\/www.rominareithofer.at\/neue_hp\/wp-content\/uploads\/2020\/04\/uebermich_NEUv1.png&#8220; _builder_version=&#8220;4.4.2&#8243;][\/et_pb_fullwidth_image][\/et_pb_section][et_pb_section fb_built=&#8220;1&#8243; _builder_version=&#8220;4.4.2&#8243; custom_padding=&#8220;||40px|||&#8220;][et_pb_row column_structure=&#8220;1_3,2_3&#8243; custom_padding_last_edited=&#8220;on|phone&#8220; _builder_version=&#8220;4.4.2&#8243; max_width=&#8220;1280px&#8220; min_height=&#8220;525px&#8220; custom_padding=&#8220;62px|40px|62px|40px|true|false&#8220; custom_padding_tablet=&#8220;&#8220; custom_padding_phone=&#8220;|20px||20px||true&#8220; animation_style=&#8220;zoom&#8220; animation_intensity_zoom=&#8220;2%&#8220; border_radii=&#8220;on|12px|12px|12px|12px&#8220; box_shadow_style=&#8220;preset3&#8243; box_shadow_spread=&#8220;-11px&#8220; box_shadow_color=&#8220;#000000&#8243; use_custom_width=&#8220;on&#8220; custom_width_px=&#8220;1280px&#8220;][et_pb_column type=&#8220;1_3&#8243; _builder_version=&#8220;3.25&#8243; custom_padding=&#8220;|||&#8220; custom_padding__hover=&#8220;|||&#8220;][et_pb_gallery gallery_ids=&#8220;472,478,479,435,436&#8243; fullwidth=&#8220;on&#8220; _builder_version=&#8220;4.4.2&#8243; custom_css_main_element_last_edited=&#8220;off|desktop&#8220;][\/et_pb_gallery][\/et_pb_column][et_pb_column type=&#8220;2_3&#8243; _builder_version=&#8220;3.25&#8243; custom_padding=&#8220;|||&#8220; custom_padding__hover=&#8220;|||&#8220;][et_pb_text _builder_version=&#8220;4.4.2&#8243; text_font=&#8220;||||||||&#8220; text_font_size=&#8220;15px&#8220; text_line_height=&#8220;2em&#8220; header_font=&#8220;||||||||&#8220; header_2_font=&#8220;||||||||&#8220; header_3_font=&#8220;EB Garamond||||||||&#8220; header_3_font_size=&#8220;24px&#8220; header_3_line_height=&#8220;1.4em&#8220; header_4_font=&#8220;|700||on|||||&#8220; header_4_text_color=&#8220;#ffdaa4&#8243; header_4_font_size=&#8220;12px&#8220; header_4_letter_spacing=&#8220;2px&#8220; header_4_line_height=&#8220;2em&#8220; custom_padding=&#8220;||0px|||&#8220; text_line_height_tablet=&#8220;&#8220; text_line_height_phone=&#8220;1.6em&#8220; [&hellip;]<\/p>\n","protected":false},"author":1,"featured_media":0,"parent":0,"menu_order":0,"comment_status":"closed","ping_status":"closed","template":"","meta":{"_et_pb_use_builder":"on","_et_pb_old_content":"","_et_gb_content_width":"","footnotes":""},"yoast_head":"<!-- This site is optimized with the Yoast SEO plugin v21.5 - https:\/\/yoast.com\/wordpress\/plugins\/seo\/ -->\n<title>\u00dcber mich | Romina Reithofer | Linedance und Aerobic Kurse im Raum Hartberg\/Weiz<\/title>\n<meta name=\"description\" content=\"Ich biete Linedance und Aerobic Kurse im Raum Hartberg\/Weiz f\u00fcr Anf\u00e4nger und Fortgeschrittene.\" \/>\n<meta name=\"robots\" content=\"index, follow, max-snippet:-1, max-image-preview:large, max-video-preview:-1\" \/>\n<link rel=\"canonical\" href=\"https:\/\/www.rominareithofer.at\/?page_id=96\" \/>\n<meta property=\"og:locale\" content=\"de_DE\" \/>\n<meta property=\"og:type\" content=\"article\" \/>\n<meta property=\"og:title\" content=\"\u00dcber mich | Romina Reithofer | Linedance und Aerobic Kurse im Raum Hartberg\/Weiz\" \/>\n<meta property=\"og:description\" content=\"Ich biete Linedance und Aerobic Kurse im Raum Hartberg\/Weiz f\u00fcr Anf\u00e4nger und Fortgeschrittene.\" \/>\n<meta property=\"og:url\" content=\"https:\/\/www.rominareithofer.at\/?page_id=96\" \/>\n<meta property=\"og:site_name\" content=\"Romina Reithofer\" \/>\n<meta property=\"article:modified_time\" content=\"2023-11-11T10:36:40+00:00\" \/>\n<meta name=\"twitter:card\" content=\"summary_large_image\" \/>\n<meta name=\"twitter:label1\" content=\"Gesch\u00e4tzte Lesezeit\" \/>\n\t<meta name=\"twitter:data1\" content=\"2\u00a0Minuten\" \/>\n<script type=\"application\/ld+json\" class=\"yoast-schema-graph\">{\"@context\":\"https:\/\/schema.org\",\"@graph\":[{\"@type\":\"WebPage\",\"@id\":\"https:\/\/www.rominareithofer.at\/?page_id=96\",\"url\":\"https:\/\/www.rominareithofer.at\/?page_id=96\",\"name\":\"\u00dcber mich | Romina Reithofer | Linedance und Aerobic Kurse im Raum Hartberg\/Weiz\",\"isPartOf\":{\"@id\":\"https:\/\/www.rominareithofer.at\/#website\"},\"datePublished\":\"2020-03-28T15:03:24+00:00\",\"dateModified\":\"2023-11-11T10:36:40+00:00\",\"description\":\"Ich biete Linedance und Aerobic Kurse im Raum Hartberg\/Weiz f\u00fcr Anf\u00e4nger und Fortgeschrittene.\",\"breadcrumb\":{\"@id\":\"https:\/\/www.rominareithofer.at\/?page_id=96#breadcrumb\"},\"inLanguage\":\"de\",\"potentialAction\":[{\"@type\":\"ReadAction\",\"target\":[\"https:\/\/www.rominareithofer.at\/?page_id=96\"]}]},{\"@type\":\"BreadcrumbList\",\"@id\":\"https:\/\/www.rominareithofer.at\/?page_id=96#breadcrumb\",\"itemListElement\":[{\"@type\":\"ListItem\",\"position\":1,\"name\":\"Startseite\",\"item\":\"https:\/\/www.rominareithofer.at\/\"},{\"@type\":\"ListItem\",\"position\":2,\"name\":\"\u00dcber mich\"}]},{\"@type\":\"WebSite\",\"@id\":\"https:\/\/www.rominareithofer.at\/#website\",\"url\":\"https:\/\/www.rominareithofer.at\/\",\"name\":\"Romina Reithofer\",\"description\":\"Leben ist Bewegung\",\"publisher\":{\"@id\":\"https:\/\/www.rominareithofer.at\/#\/schema\/person\/faa13f28cb363b2d37837930bde68200\"},\"potentialAction\":[{\"@type\":\"SearchAction\",\"target\":{\"@type\":\"EntryPoint\",\"urlTemplate\":\"https:\/\/www.rominareithofer.at\/?s={search_term_string}\"},\"query-input\":\"required name=search_term_string\"}],\"inLanguage\":\"de\"},{\"@type\":[\"Person\",\"Organization\"],\"@id\":\"https:\/\/www.rominareithofer.at\/#\/schema\/person\/faa13f28cb363b2d37837930bde68200\",\"name\":\"Romina Reithofer\",\"image\":{\"@type\":\"ImageObject\",\"inLanguage\":\"de\",\"@id\":\"https:\/\/www.rominareithofer.at\/#\/schema\/person\/image\/\",\"url\":\"https:\/\/secure.gravatar.com\/avatar\/6387988436aadddb84d3f86e0cf18e99?s=96&d=mm&r=g\",\"contentUrl\":\"https:\/\/secure.gravatar.com\/avatar\/6387988436aadddb84d3f86e0cf18e99?s=96&d=mm&r=g\",\"caption\":\"Romina Reithofer\"},\"logo\":{\"@id\":\"https:\/\/www.rominareithofer.at\/#\/schema\/person\/image\/\"}}]}<\/script>\n<!-- \/ Yoast SEO plugin. -->","yoast_head_json":{"title":"\u00dcber mich | Romina Reithofer | Linedance und Aerobic Kurse im Raum Hartberg\/Weiz","description":"Ich biete Linedance und Aerobic Kurse im Raum Hartberg\/Weiz f\u00fcr Anf\u00e4nger und Fortgeschrittene.","robots":{"index":"index","follow":"follow","max-snippet":"max-snippet:-1","max-image-preview":"max-image-preview:large","max-video-preview":"max-video-preview:-1"},"canonical":"https:\/\/www.rominareithofer.at\/?page_id=96","og_locale":"de_DE","og_type":"article","og_title":"\u00dcber mich | Romina Reithofer | Linedance und Aerobic Kurse im Raum Hartberg\/Weiz","og_description":"Ich biete Linedance und Aerobic Kurse im Raum Hartberg\/Weiz f\u00fcr Anf\u00e4nger und Fortgeschrittene.","og_url":"https:\/\/www.rominareithofer.at\/?page_id=96","og_site_name":"Romina Reithofer","article_modified_time":"2023-11-11T10:36:40+00:00","twitter_card":"summary_large_image","twitter_misc":{"Gesch\u00e4tzte Lesezeit":"2\u00a0Minuten"},"schema":{"@context":"https:\/\/schema.org","@graph":[{"@type":"WebPage","@id":"https:\/\/www.rominareithofer.at\/?page_id=96","url":"https:\/\/www.rominareithofer.at\/?page_id=96","name":"\u00dcber mich | Romina Reithofer | Linedance und Aerobic Kurse im Raum Hartberg\/Weiz","isPartOf":{"@id":"https:\/\/www.rominareithofer.at\/#website"},"datePublished":"2020-03-28T15:03:24+00:00","dateModified":"2023-11-11T10:36:40+00:00","description":"Ich biete Linedance und Aerobic Kurse im Raum Hartberg\/Weiz f\u00fcr Anf\u00e4nger und Fortgeschrittene.","breadcrumb":{"@id":"https:\/\/www.rominareithofer.at\/?page_id=96#breadcrumb"},"inLanguage":"de","potentialAction":[{"@type":"ReadAction","target":["https:\/\/www.rominareithofer.at\/?page_id=96"]}]},{"@type":"BreadcrumbList","@id":"https:\/\/www.rominareithofer.at\/?page_id=96#breadcrumb","itemListElement":[{"@type":"ListItem","position":1,"name":"Startseite","item":"https:\/\/www.rominareithofer.at\/"},{"@type":"ListItem","position":2,"name":"\u00dcber mich"}]},{"@type":"WebSite","@id":"https:\/\/www.rominareithofer.at\/#website","url":"https:\/\/www.rominareithofer.at\/","name":"Romina Reithofer","description":"Leben ist Bewegung","publisher":{"@id":"https:\/\/www.rominareithofer.at\/#\/schema\/person\/faa13f28cb363b2d37837930bde68200"},"potentialAction":[{"@type":"SearchAction","target":{"@type":"EntryPoint","urlTemplate":"https:\/\/www.rominareithofer.at\/?s={search_term_string}"},"query-input":"required name=search_term_string"}],"inLanguage":"de"},{"@type":["Person","Organization"],"@id":"https:\/\/www.rominareithofer.at\/#\/schema\/person\/faa13f28cb363b2d37837930bde68200","name":"Romina Reithofer","image":{"@type":"ImageObject","inLanguage":"de","@id":"https:\/\/www.rominareithofer.at\/#\/schema\/person\/image\/","url":"https:\/\/secure.gravatar.com\/avatar\/6387988436aadddb84d3f86e0cf18e99?s=96&d=mm&r=g","contentUrl":"https:\/\/secure.gravatar.com\/avatar\/6387988436aadddb84d3f86e0cf18e99?s=96&d=mm&r=g","caption":"Romina Reithofer"},"logo":{"@id":"https:\/\/www.rominareithofer.at\/#\/schema\/person\/image\/"}}]}},"_links":{"self":[{"href":"https:\/\/www.rominareithofer.at\/index.php?rest_route=\/wp\/v2\/pages\/96"}],"collection":[{"href":"https:\/\/www.rominareithofer.at\/index.php?rest_route=\/wp\/v2\/pages"}],"about":[{"href":"https:\/\/www.rominareithofer.at\/index.php?rest_route=\/wp\/v2\/types\/page"}],"author":[{"embeddable":true,"href":"https:\/\/www.rominareithofer.at\/index.php?rest_route=\/wp\/v2\/users\/1"}],"replies":[{"embeddable":true,"href":"https:\/\/www.rominareithofer.at\/index.php?rest_route=%2Fwp%2Fv2%2Fcomments&post=96"}],"version-history":[{"count":19,"href":"https:\/\/www.rominareithofer.at\/index.php?rest_route=\/wp\/v2\/pages\/96\/revisions"}],"predecessor-version":[{"id":1452,"href":"https:\/\/www.rominareithofer.at\/index.php?rest_route=\/wp\/v2\/pages\/96\/revisions\/1452"}],"wp:attachment":[{"href":"https:\/\/www.rominareithofer.at\/index.php?rest_route=%2Fwp%2Fv2%2Fmedia&parent=96"}],"curies":[{"name":"wp","href":"https:\/\/api.w.org\/{rel}","templated":true}]}}